{"id":319,"date":"2025-08-06T14:07:46","date_gmt":"2025-08-06T12:07:46","guid":{"rendered":"https:\/\/you-car.pl\/?page_id=319"},"modified":"2025-09-08T13:09:07","modified_gmt":"2025-09-08T11:09:07","slug":"o-firmie","status":"publish","type":"page","link":"http:\/\/you-car.pl\/?page_id=319","title":{"rendered":"O Firmie"},"content":{"rendered":"\t\t<div data-elementor-type=\"wp-page\" data-elementor-id=\"319\" class=\"elementor elementor-319\" data-elementor-post-type=\"page\">\n\t\t\t\t<div class=\"elementor-element elementor-element-2d7b290 e-flex e-con-boxed e-con e-parent\" data-id=\"2d7b290\" data-element_type=\"container\">\n\t\t\t\t\t<div class=\"e-con-inner\">\n\t\t<div class=\"elementor-element elementor-element-c41afbb e-con-full e-flex e-con e-child\" data-id=\"c41afbb\" data-element_type=\"container\">\n\t\t\t\t<\/div>\n\t\t\t\t\t<\/div>\n\t\t\t\t<\/div>\n\t\t<div class=\"elementor-element elementor-element-d85028e e-flex e-con-boxed e-con e-parent\" data-id=\"d85028e\" data-element_type=\"container\">\n\t\t\t\t\t<div class=\"e-con-inner\">\n\t\t\t\t<div class=\"elementor-element elementor-element-eccbd20 elementor-widget elementor-widget-text-editor\" data-id=\"eccbd20\" data-element_type=\"widget\" data-widget_type=\"text-editor.default\">\n\t\t\t\t\t\t\t\t\t<p data-start=\"237\" data-end=\"579\"><strong data-start=\"237\" data-end=\"256\">You-Car Siedlce<\/strong> to firma motoryzacyjna, kt\u00f3ra powsta\u0142a z pasji do samochod\u00f3w i wieloletniego do\u015bwiadczenia w bran\u017cy. Nasz\u0105 dzia\u0142alno\u015b\u0107 opieramy na dw\u00f3ch filarach: <strong data-start=\"404\" data-end=\"428\">komisie samochodowym<\/strong> oraz <strong data-start=\"434\" data-end=\"461\">warsztacie mechanicznym<\/strong>, tworz\u0105c kompleksow\u0105 ofert\u0119 dla os\u00f3b poszukuj\u0105cych zar\u00f3wno solidnego auta, jak i profesjonalnej obs\u0142ugi serwisowej.<\/p><p><span style=\"font-family: var( --e-global-typography-text-font-family ), Sans-serif; font-size: var( --e-global-typography-text-font-size ); font-weight: var( --e-global-typography-text-font-weight ); text-align: var(--text-align); background-color: var( --e-global-color-background );\">W naszym komisie znajdziesz szeroki wyb\u00f3r samochod\u00f3w u\u017cywanych r\u00f3\u017cnych marek i klas \u2013 od aut miejskich, poprzez rodzinne, a\u017c po modele klasy premium. Ka\u017cdy pojazd, zanim trafi do sprzeda\u017cy, przechodzi dok\u0142adn\u0105 weryfikacj\u0119 stanu technicznego oraz sprawdzenie historii, aby Klienci mieli pewno\u015b\u0107, \u017ce kupuj\u0105 auto sprawdzone i bezpieczne. Dbamy o przejrzysto\u015b\u0107 procesu sprzeda\u017cy \u2013 udost\u0119pniamy niezb\u0119dn\u0105 dokumentacj\u0119, pomagamy w formalno\u015bciach oraz s\u0142u\u017cymy fachowym doradztwem w wyborze samochodu najlepiej dopasowanego do indywidualnych potrzeb.<\/span><\/p><p data-start=\"1152\" data-end=\"1331\">Dzi\u0119ki szerokiej ofercie i rzetelnemu podej\u015bciu, nasz komis stanowi miejsce, w kt\u00f3rym ka\u017cdy Klient mo\u017ce znale\u017a\u0107 pojazd odpowiadaj\u0105cy jego oczekiwaniom i mo\u017cliwo\u015bciom finansowym.<\/p><h4 data-start=\"1333\" data-end=\"1360\"><span style=\"color: #ffffff; font-family: var( --e-global-typography-text-font-family ), Sans-serif; font-size: var( --e-global-typography-text-font-size ); font-weight: var( --e-global-typography-text-font-weight ); text-align: var(--text-align); background-color: var( --e-global-color-background );\">Obok dzia\u0142alno\u015bci komisu prowadzimy r\u00f3wnie\u017c <\/span><strong style=\"color: #ffffff; font-family: var( --e-global-typography-text-font-family ), Sans-serif; font-size: var( --e-global-typography-text-font-size ); text-align: var(--text-align); background-color: var( --e-global-color-background );\" data-start=\"1405\" data-end=\"1429\">warsztat samochodowy<\/strong><span style=\"color: #ffffff; font-family: var( --e-global-typography-text-font-family ), Sans-serif; font-size: var( --e-global-typography-text-font-size ); font-weight: var( --e-global-typography-text-font-weight ); text-align: var(--text-align); background-color: var( --e-global-color-background );\">, w kt\u00f3rym wykonujemy pe\u0142en zakres us\u0142ug zwi\u0105zanych z diagnostyk\u0105 i napraw\u0105 pojazd\u00f3w. Dysponujemy nowoczesnym zapleczem technicznym oraz do\u015bwiadczon\u0105 kadr\u0105 mechanik\u00f3w, co pozwala nam realizowa\u0107 zar\u00f3wno drobne naprawy, jak i bardziej zaawansowane prace serwisowe.<\/span><\/h4><p data-start=\"1695\" data-end=\"1718\">Specjalizujemy si\u0119 w:<\/p><ul data-start=\"1719\" data-end=\"1964\"><li data-start=\"1719\" data-end=\"1748\"><p data-start=\"1721\" data-end=\"1748\">diagnostyce komputerowej,<\/p><\/li><li data-start=\"1749\" data-end=\"1793\"><p data-start=\"1751\" data-end=\"1793\">naprawach mechanicznych i elektrycznych,<\/p><\/li><li data-start=\"1794\" data-end=\"1848\"><p data-start=\"1796\" data-end=\"1848\">wymianach eksploatacyjnych (oleje, p\u0142yny, filtry),<\/p><\/li><li data-start=\"1849\" data-end=\"1910\"><p data-start=\"1851\" data-end=\"1910\">serwisie zawieszenia, uk\u0142adu hamulcowego i kierowniczego,<\/p><\/li><li data-start=\"1911\" data-end=\"1964\"><p data-start=\"1913\" data-end=\"1964\">przygotowaniu pojazd\u00f3w do przegl\u0105du technicznego.<\/p><\/li><\/ul><p data-start=\"1966\" data-end=\"2154\">Naszym celem jest zapewnienie kierowcom pewno\u015bci, \u017ce ich samoch\u00f3d znajduje si\u0119 w dobrych r\u0119kach. Ka\u017cda naprawa wykonywana jest rzetelnie, terminowo i w oparciu o wysokiej jako\u015bci cz\u0119\u015bci.<\/p><h4 data-start=\"2156\" data-end=\"2177\"><span style=\"color: #ffffff; font-family: var( --e-global-typography-text-font-family ), Sans-serif; font-size: var( --e-global-typography-text-font-size ); font-weight: var( --e-global-typography-text-font-weight ); text-align: var(--text-align); background-color: var( --e-global-color-background );\">Od pocz\u0105tku dzia\u0142alno\u015bci stawiamy na <\/span><strong style=\"color: #ffffff; font-family: var( --e-global-typography-text-font-family ), Sans-serif; font-size: var( --e-global-typography-text-font-size ); text-align: var(--text-align); background-color: var( --e-global-color-background );\" data-start=\"2215\" data-end=\"2259\">profesjonalizm, uczciwo\u015b\u0107 i jako\u015b\u0107 us\u0142ug<\/strong><span style=\"color: #ffffff; font-family: var( --e-global-typography-text-font-family ), Sans-serif; font-size: var( --e-global-typography-text-font-size ); font-weight: var( --e-global-typography-text-font-weight ); text-align: var(--text-align); background-color: var( --e-global-color-background );\">. Zale\u017cy nam, aby zar\u00f3wno zakup samochodu w naszym komisie, jak i skorzystanie z us\u0142ug warsztatu, by\u0142y dla Klient\u00f3w do\u015bwiadczeniem wygodnym, bezpiecznym i pozbawionym zb\u0119dnych formalno\u015bci. Wierzymy, \u017ce motoryzacja to nie tylko codzienny \u015brodek transportu, ale r\u00f3wnie\u017c pasja, a cz\u0119sto tak\u017ce spe\u0142nienie marze\u0144 \u2013 dlatego do ka\u017cdego zlecenia podchodzimy indywidualnie i z pe\u0142nym zaanga\u017cowaniem.<\/span><\/h4><ul data-start=\"2699\" data-end=\"2986\"><li data-start=\"2699\" data-end=\"2758\"><p data-start=\"2701\" data-end=\"2758\">kompleksowa oferta \u2013 komis i warsztat w jednym miejscu,<\/p><\/li><li data-start=\"2759\" data-end=\"2810\"><p data-start=\"2761\" data-end=\"2810\">samochody starannie sprawdzone przed sprzeda\u017c\u0105,<\/p><\/li><li data-start=\"2811\" data-end=\"2887\"><p data-start=\"2813\" data-end=\"2887\">profesjonalny serwis oparty na do\u015bwiadczeniu i nowoczesnych narz\u0119dziach,<\/p><\/li><li data-start=\"2888\" data-end=\"2947\"><p data-start=\"2890\" data-end=\"2947\">przejrzyste zasady wsp\u00f3\u0142pracy i pomoc w formalno\u015bciach,<\/p><\/li><li data-start=\"2948\" data-end=\"2986\"><p data-start=\"2950\" data-end=\"2986\">indywidualne podej\u015bcie do Klienta.<\/p><\/li><\/ul><p data-start=\"2988\" data-end=\"3115\">You-Car Siedlce to miejsce, w kt\u00f3rym pasja do motoryzacji \u0142\u0105czy si\u0119 z profesjonalnym podej\u015bciem i wysokim standardem obs\u0142ugi.<\/p>\t\t\t\t\t\t\t\t<\/div>\n\t\t\t\t\t<\/div>\n\t\t\t\t<\/div>\n\t\t\t\t<\/div>\n\t\t","protected":false},"excerpt":{"rendered":"<p>You-Car Siedlce to firma motoryzacyjna, kt\u00f3ra powsta\u0142a z pasji do samochod\u00f3w i wieloletniego do\u015bwiadczenia w bran\u017cy. Nasz\u0105 dzia\u0142alno\u015b\u0107 opieramy na dw\u00f3ch filarach: komisie samochodowym oraz warsztacie mechanicznym, tworz\u0105c kompleksow\u0105 ofert\u0119 dla os\u00f3b poszukuj\u0105cych zar\u00f3wno solidnego auta, jak i profesjonalnej obs\u0142ugi serwisowej. W naszym komisie znajdziesz szeroki wyb\u00f3r samochod\u00f3w u\u017cywanych r\u00f3\u017cnych marek i klas \u2013 od [&hellip;]<\/p>\n","protected":false},"author":1,"featured_media":0,"parent":0,"menu_order":0,"comment_status":"closed","ping_status":"closed","template":"","meta":{"footnotes":""},"class_list":["post-319","page","type-page","status-publish","hentry"],"_links":{"self":[{"href":"http:\/\/you-car.pl\/index.php?rest_route=\/wp\/v2\/pages\/319","targetHints":{"allow":["GET"]}}],"collection":[{"href":"http:\/\/you-car.pl\/index.php?rest_route=\/wp\/v2\/pages"}],"about":[{"href":"http:\/\/you-car.pl\/index.php?rest_route=\/wp\/v2\/types\/page"}],"author":[{"embeddable":true,"href":"http:\/\/you-car.pl\/index.php?rest_route=\/wp\/v2\/users\/1"}],"replies":[{"embeddable":true,"href":"http:\/\/you-car.pl\/index.php?rest_route=%2Fwp%2Fv2%2Fcomments&post=319"}],"version-history":[{"count":16,"href":"http:\/\/you-car.pl\/index.php?rest_route=\/wp\/v2\/pages\/319\/revisions"}],"predecessor-version":[{"id":479,"href":"http:\/\/you-car.pl\/index.php?rest_route=\/wp\/v2\/pages\/319\/revisions\/479"}],"wp:attachment":[{"href":"http:\/\/you-car.pl\/index.php?rest_route=%2Fwp%2Fv2%2Fmedia&parent=319"}],"curies":[{"name":"wp","href":"https:\/\/api.w.org\/{rel}","templated":true}]}}